{"id":1199,"date":"2019-07-26T13:22:49","date_gmt":"2019-07-26T13:22:49","guid":{"rendered":"https:\/\/www.ubiqny.com\/?page_id=1199"},"modified":"2019-07-26T13:26:45","modified_gmt":"2019-07-26T13:26:45","slug":"one-57-new-york","status":"publish","type":"page","link":"https:\/\/www.ubiqny.com\/it\/new-development\/one-57-new-york\/","title":{"rendered":"One 57 New York"},"content":{"rendered":"","protected":false},"excerpt":{"rendered":"","protected":false},"author":1,"featured_media":0,"parent":715,"menu_order":1,"comment_status":"closed","ping_status":"open","template":"","meta":{"footnotes":""},"class_list":["post-1199","page","type-page","status-publish","hentry"],"yoast_head":"<!-- This site is optimized with the Yoast SEO plugin v27.6 - https:\/\/yoast.com\/product\/yoast-seo-wordpress\/ -->\n<title>One 57, il grattacielo iconico di New York | UNIBQ NY<\/title>\n<meta name=\"description\" content=\"One 57 \u00e8 stato per lungo tempo il grattacielo pi\u00f9 alto di New York e ne ha modificato lo skyline. Conta 92 unit\u00e0 abitative e oltre 300 metri di altezza.\" \/>\n<meta name=\"robots\" content=\"index, follow, max-snippet:-1, max-image-preview:large, max-video-preview:-1\" \/>\n<link rel=\"canonical\" href=\"https:\/\/www.ubiqny.com\/it\/new-development\/one-57-new-york\/\" \/>\n<meta property=\"og:locale\" content=\"it_IT\" \/>\n<meta property=\"og:type\" content=\"article\" \/>\n<meta property=\"og:title\" content=\"One 57, il grattacielo iconico di New York | UNIBQ NY\" \/>\n<meta property=\"og:description\" content=\"One 57 \u00e8 stato per lungo tempo il grattacielo pi\u00f9 alto di New York e ne ha modificato lo skyline. Conta 92 unit\u00e0 abitative e oltre 300 metri di altezza.\" \/>\n<meta property=\"og:url\" content=\"https:\/\/www.ubiqny.com\/it\/new-development\/one-57-new-york\/\" \/>\n<meta property=\"og:site_name\" content=\"UBIQ New York\" \/>\n<meta property=\"article:modified_time\" content=\"2019-07-26T13:26:45+00:00\" \/>\n<meta name=\"twitter:card\" content=\"summary_large_image\" \/>\n<script type=\"application\/ld+json\" class=\"yoast-schema-graph\">{\"@context\":\"https:\\\/\\\/schema.org\",\"@graph\":[{\"@type\":\"WebPage\",\"@id\":\"https:\\\/\\\/www.ubiqny.com\\\/it\\\/new-development\\\/one-57-new-york\\\/\",\"url\":\"https:\\\/\\\/www.ubiqny.com\\\/it\\\/new-development\\\/one-57-new-york\\\/\",\"name\":\"One 57, il grattacielo iconico di New York | UNIBQ NY\",\"isPartOf\":{\"@id\":\"https:\\\/\\\/www.ubiqny.com\\\/#website\"},\"datePublished\":\"2019-07-26T13:22:49+00:00\",\"dateModified\":\"2019-07-26T13:26:45+00:00\",\"description\":\"One 57 \u00e8 stato per lungo tempo il grattacielo pi\u00f9 alto di New York e ne ha modificato lo skyline. Conta 92 unit\u00e0 abitative e oltre 300 metri di altezza.\",\"breadcrumb\":{\"@id\":\"https:\\\/\\\/www.ubiqny.com\\\/it\\\/new-development\\\/one-57-new-york\\\/#breadcrumb\"},\"inLanguage\":\"it-IT\",\"potentialAction\":[{\"@type\":\"ReadAction\",\"target\":[\"https:\\\/\\\/www.ubiqny.com\\\/it\\\/new-development\\\/one-57-new-york\\\/\"]}]},{\"@type\":\"BreadcrumbList\",\"@id\":\"https:\\\/\\\/www.ubiqny.com\\\/it\\\/new-development\\\/one-57-new-york\\\/#breadcrumb\",\"itemListElement\":[{\"@type\":\"ListItem\",\"position\":1,\"name\":\"Home\",\"item\":\"https:\\\/\\\/www.ubiqny.com\\\/it\\\/\"},{\"@type\":\"ListItem\",\"position\":2,\"name\":\"New Development\",\"item\":\"https:\\\/\\\/www.ubiqny.com\\\/it\\\/new-development\\\/\"},{\"@type\":\"ListItem\",\"position\":3,\"name\":\"One 57 New York\"}]},{\"@type\":\"WebSite\",\"@id\":\"https:\\\/\\\/www.ubiqny.com\\\/#website\",\"url\":\"https:\\\/\\\/www.ubiqny.com\\\/\",\"name\":\"UBIQ New York\",\"description\":\"Real estate services in New York\",\"potentialAction\":[{\"@type\":\"SearchAction\",\"target\":{\"@type\":\"EntryPoint\",\"urlTemplate\":\"https:\\\/\\\/www.ubiqny.com\\\/?s={search_term_string}\"},\"query-input\":{\"@type\":\"PropertyValueSpecification\",\"valueRequired\":true,\"valueName\":\"search_term_string\"}}],\"inLanguage\":\"it-IT\"}]}<\/script>\n<!-- \/ Yoast SEO plugin. -->","yoast_head_json":{"title":"One 57, il grattacielo iconico di New York | UNIBQ NY","description":"One 57 \u00e8 stato per lungo tempo il grattacielo pi\u00f9 alto di New York e ne ha modificato lo skyline. Conta 92 unit\u00e0 abitative e oltre 300 metri di altezza.","robots":{"index":"index","follow":"follow","max-snippet":"max-snippet:-1","max-image-preview":"max-image-preview:large","max-video-preview":"max-video-preview:-1"},"canonical":"https:\/\/www.ubiqny.com\/it\/new-development\/one-57-new-york\/","og_locale":"it_IT","og_type":"article","og_title":"One 57, il grattacielo iconico di New York | UNIBQ NY","og_description":"One 57 \u00e8 stato per lungo tempo il grattacielo pi\u00f9 alto di New York e ne ha modificato lo skyline. Conta 92 unit\u00e0 abitative e oltre 300 metri di altezza.","og_url":"https:\/\/www.ubiqny.com\/it\/new-development\/one-57-new-york\/","og_site_name":"UBIQ New York","article_modified_time":"2019-07-26T13:26:45+00:00","twitter_card":"summary_large_image","schema":{"@context":"https:\/\/schema.org","@graph":[{"@type":"WebPage","@id":"https:\/\/www.ubiqny.com\/it\/new-development\/one-57-new-york\/","url":"https:\/\/www.ubiqny.com\/it\/new-development\/one-57-new-york\/","name":"One 57, il grattacielo iconico di New York | UNIBQ NY","isPartOf":{"@id":"https:\/\/www.ubiqny.com\/#website"},"datePublished":"2019-07-26T13:22:49+00:00","dateModified":"2019-07-26T13:26:45+00:00","description":"One 57 \u00e8 stato per lungo tempo il grattacielo pi\u00f9 alto di New York e ne ha modificato lo skyline. Conta 92 unit\u00e0 abitative e oltre 300 metri di altezza.","breadcrumb":{"@id":"https:\/\/www.ubiqny.com\/it\/new-development\/one-57-new-york\/#breadcrumb"},"inLanguage":"it-IT","potentialAction":[{"@type":"ReadAction","target":["https:\/\/www.ubiqny.com\/it\/new-development\/one-57-new-york\/"]}]},{"@type":"BreadcrumbList","@id":"https:\/\/www.ubiqny.com\/it\/new-development\/one-57-new-york\/#breadcrumb","itemListElement":[{"@type":"ListItem","position":1,"name":"Home","item":"https:\/\/www.ubiqny.com\/it\/"},{"@type":"ListItem","position":2,"name":"New Development","item":"https:\/\/www.ubiqny.com\/it\/new-development\/"},{"@type":"ListItem","position":3,"name":"One 57 New York"}]},{"@type":"WebSite","@id":"https:\/\/www.ubiqny.com\/#website","url":"https:\/\/www.ubiqny.com\/","name":"UBIQ New York","description":"Real estate services in New York","potentialAction":[{"@type":"SearchAction","target":{"@type":"EntryPoint","urlTemplate":"https:\/\/www.ubiqny.com\/?s={search_term_string}"},"query-input":{"@type":"PropertyValueSpecification","valueRequired":true,"valueName":"search_term_string"}}],"inLanguage":"it-IT"}]}},"_links":{"self":[{"href":"https:\/\/www.ubiqny.com\/it\/wp-json\/wp\/v2\/pages\/1199","targetHints":{"allow":["GET"]}}],"collection":[{"href":"https:\/\/www.ubiqny.com\/it\/wp-json\/wp\/v2\/pages"}],"about":[{"href":"https:\/\/www.ubiqny.com\/it\/wp-json\/wp\/v2\/types\/page"}],"author":[{"embeddable":true,"href":"https:\/\/www.ubiqny.com\/it\/wp-json\/wp\/v2\/users\/1"}],"replies":[{"embeddable":true,"href":"https:\/\/www.ubiqny.com\/it\/wp-json\/wp\/v2\/comments?post=1199"}],"version-history":[{"count":1,"href":"https:\/\/www.ubiqny.com\/it\/wp-json\/wp\/v2\/pages\/1199\/revisions"}],"predecessor-version":[{"id":1200,"href":"https:\/\/www.ubiqny.com\/it\/wp-json\/wp\/v2\/pages\/1199\/revisions\/1200"}],"up":[{"embeddable":true,"href":"https:\/\/www.ubiqny.com\/it\/wp-json\/wp\/v2\/pages\/715"}],"wp:attachment":[{"href":"https:\/\/www.ubiqny.com\/it\/wp-json\/wp\/v2\/media?parent=1199"}],"curies":[{"name":"wp","href":"https:\/\/api.w.org\/{rel}","templated":true}]}}